{"id":131,"date":"2023-12-01T20:25:35","date_gmt":"2023-12-01T20:25:35","guid":{"rendered":"https:\/\/meine-erdkraftkarte.de\/?page_id=131"},"modified":"2023-12-03T16:59:33","modified_gmt":"2023-12-03T16:59:33","slug":"agb","status":"publish","type":"page","link":"https:\/\/meine-erdkraftkarte.de\/index.php\/agb\/","title":{"rendered":"AGB"},"content":{"rendered":"<p>[et_pb_section fb_built=&#8220;1&#8243; _builder_version=&#8220;4.23.1&#8243; _module_preset=&#8220;default&#8220; global_colors_info=&#8220;{}&#8220;][et_pb_row _builder_version=&#8220;4.23.1&#8243; _module_preset=&#8220;default&#8220; global_colors_info=&#8220;{}&#8220;][et_pb_column type=&#8220;4_4&#8243; _builder_version=&#8220;4.23.1&#8243; _module_preset=&#8220;default&#8220; global_colors_info=&#8220;{}&#8220;][et_pb_text _builder_version=&#8220;4.23.1&#8243; _module_preset=&#8220;default&#8220; hover_enabled=&#8220;0&#8243; global_colors_info=&#8220;{}&#8220; custom_padding=&#8220;|||20px|false|false&#8220; sticky_enabled=&#8220;0&#8243;]<\/p>\n<div class=\"et_pb_module et_pb_text et_pb_text_0  et_pb_text_align_left et_pb_bg_layout_light\">\n<div class=\"et_pb_text_inner\">\n<h1>Allgemeine Gesch\u00e4ftsbedingungen<\/h1>\n<\/div>\n<\/div>\n<div class=\"et_pb_module et_pb_text et_pb_text_1  et_pb_text_align_justified et_pb_bg_layout_light\">\n<div class=\"et_pb_text_inner\">\n<p><strong>\u00a7 1 Geltungsbereich, Kundeninformationen<\/strong><br \/>Die folgenden allgemeinen Gesch\u00e4ftsbedingungen (AGB) regeln das Vertragsverh\u00e4ltnis zwischen Rainer Bloch (www.Biofeld-Antenne.de und www.bloch-verlag.de) und Verbrauchern, die \u00fcber unseren Shop Waren kaufen. Die Vertragssprache ist Deutsch.<\/p>\n<p><strong>\u00a7 2 Vertragsschluss<\/strong><br \/>(1) Die Angebote im Internet stellen ein verbindliches Angebot an Sie dar, Waren zu kaufen.<\/p>\n<p>(2) Sie k\u00f6nnen ein oder mehrere Produkte in den Warenkorb legen. Im Laufe des Bestellprozesses geben Sie Ihre Daten und W\u00fcnsche bzgl. Zahlungsart, Liefermodalit\u00e4ten etc. ein. Erst mit dem Anklicken des Bestellbuttons nehmen Sie dieses Angebot auf Abschluss eines Kaufvertrags an. Sie k\u00f6nnen den Kaufvertrag auch telefonisch schlie\u00dfen.<\/p>\n<p><strong>\u00a7 3 Kundeninformation: Speicherung des Vertragstextes<\/strong><br \/>Ihre Bestellung mit Einzelheiten zum geschlossenen Vertrag (z.B. Art des Produkts, Preis etc.) wird von uns gespeichert. Sie haben \u00fcber das Internet jedoch keinen Zugriff auf Ihre vergangenen Bestellungen. Die AGB schicken wir Ihnen zu, Sie k\u00f6nnen die AGB aber auch jederzeit \u00fcber unsere Webseite aufrufen. Wenn Sie die Produktbeschreibung auf unserer Shopseite f\u00fcr eigene Zwecke sichern m\u00f6chten, k\u00f6nnen Sie zum Zeitpunkt der Bestellung z.B. einen Screenshot (= Bildschirmfotografie) anfertigen oder alternativ die ganze Seite ausdrucken.<\/p>\n<p><strong>\u00a7 4 Kundeninformation: Korrekturhinweis<\/strong><br \/>Sie k\u00f6nnen Ihre Eingaben vor Abgabe der Bestellung jederzeit mit der L\u00f6schtaste berichtigen. Wir informieren Sie auf dem Weg durch den Bestellprozess \u00fcber weitere Korrekturm\u00f6glichkeiten. Den Bestellprozess k\u00f6nnen Sie auch jederzeit durch Schlie\u00dfen des Browser-Fensters komplett beenden.<\/p>\n<p><strong>\u00a7 5 Eigentumsvorbehalt<\/strong><br \/>Der Kaufgegenstand bleibt bis zur vollst\u00e4ndigen Bezahlung unser Eigentum.<\/p>\n<p><strong>\u00a7 6 Gesetzliche M\u00e4ngelhaftungsrechte<\/strong><br \/>F\u00fcr unsere Waren bestehen gesetzliche M\u00e4ngelhaftungsrechte.<\/p>\n<\/div>\n<\/div>\n<p>[\/et_pb_text][\/et_pb_column][\/et_pb_row][\/et_pb_section]<\/p>\n","protected":false},"excerpt":{"rendered":"<p>Allgemeine Gesch\u00e4ftsbedingungen \u00a7 1 Geltungsbereich, KundeninformationenDie folgenden allgemeinen Gesch\u00e4ftsbedingungen (AGB) regeln das Vertragsverh\u00e4ltnis zwischen Rainer Bloch (www.Biofeld-Antenne.de und www.bloch-verlag.de) und Verbrauchern, die \u00fcber unseren Shop Waren kaufen. Die Vertragssprache ist Deutsch. \u00a7 2 Vertragsschluss(1) Die Angebote im Internet stellen ein verbindliches Angebot an Sie dar, Waren zu kaufen. (2) Sie k\u00f6nnen ein oder mehrere Produkte [&hellip;]<\/p>\n","protected":false},"author":1,"featured_media":0,"parent":0,"menu_order":0,"comment_status":"closed","ping_status":"closed","template":"","meta":{"_et_pb_use_builder":"on","_et_pb_old_content":"","_et_gb_content_width":"","footnotes":""},"class_list":["post-131","page","type-page","status-publish","hentry"],"_links":{"self":[{"href":"https:\/\/meine-erdkraftkarte.de\/index.php\/wp-json\/wp\/v2\/pages\/131","targetHints":{"allow":["GET"]}}],"collection":[{"href":"https:\/\/meine-erdkraftkarte.de\/index.php\/wp-json\/wp\/v2\/pages"}],"about":[{"href":"https:\/\/meine-erdkraftkarte.de\/index.php\/wp-json\/wp\/v2\/types\/page"}],"author":[{"embeddable":true,"href":"https:\/\/meine-erdkraftkarte.de\/index.php\/wp-json\/wp\/v2\/users\/1"}],"replies":[{"embeddable":true,"href":"https:\/\/meine-erdkraftkarte.de\/index.php\/wp-json\/wp\/v2\/comments?post=131"}],"version-history":[{"count":5,"href":"https:\/\/meine-erdkraftkarte.de\/index.php\/wp-json\/wp\/v2\/pages\/131\/revisions"}],"predecessor-version":[{"id":220,"href":"https:\/\/meine-erdkraftkarte.de\/index.php\/wp-json\/wp\/v2\/pages\/131\/revisions\/220"}],"wp:attachment":[{"href":"https:\/\/meine-erdkraftkarte.de\/index.php\/wp-json\/wp\/v2\/media?parent=131"}],"curies":[{"name":"wp","href":"https:\/\/api.w.org\/{rel}","templated":true}]}}